{"id":125,"date":"2023-11-29T08:46:34","date_gmt":"2023-11-29T08:46:34","guid":{"rendered":"http:\/\/tienda.rubenz3.sg-host.com\/?post_type=product&#038;p=125"},"modified":"2023-11-29T08:46:35","modified_gmt":"2023-11-29T08:46:35","slug":"patatas-con-queso-y-papada","status":"publish","type":"product","link":"https:\/\/tienda.instintocarnivoro.com\/?product=patatas-con-queso-y-papada","title":{"rendered":"Patatas con queso y papada"},"content":{"rendered":"","protected":false},"excerpt":{"rendered":"<p>Nuestra visi\u00f3n de las patatas fritas. M\u00e1s crujientes, con un rebozado en harina, doble cocci\u00f3n y cubiertas de nuestra espectacular salsa de queso y papada, mucho m\u00e1s sabor.<\/p>\n","protected":false},"featured_media":127,"comment_status":"open","ping_status":"closed","template":"","meta":[],"product_cat":[44],"product_tag":[46,45,22],"class_list":{"0":"post-125","1":"product","2":"type-product","3":"status-publish","4":"has-post-thumbnail","6":"product_cat-fries","7":"product_tag-papada","8":"product_tag-patatas","9":"product_tag-queso","11":"first","12":"instock","13":"taxable","14":"shipping-taxable","15":"purchasable","16":"product-type-simple"},"_links":{"self":[{"href":"https:\/\/tienda.instintocarnivoro.com\/index.php?rest_route=\/wp\/v2\/product\/125","targetHints":{"allow":["GET"]}}],"collection":[{"href":"https:\/\/tienda.instintocarnivoro.com\/index.php?rest_route=\/wp\/v2\/product"}],"about":[{"href":"https:\/\/tienda.instintocarnivoro.com\/index.php?rest_route=\/wp\/v2\/types\/product"}],"replies":[{"embeddable":true,"href":"https:\/\/tienda.instintocarnivoro.com\/index.php?rest_route=%2Fwp%2Fv2%2Fcomments&post=125"}],"wp:featuredmedia":[{"embeddable":true,"href":"https:\/\/tienda.instintocarnivoro.com\/index.php?rest_route=\/wp\/v2\/media\/127"}],"wp:attachment":[{"href":"https:\/\/tienda.instintocarnivoro.com\/index.php?rest_route=%2Fwp%2Fv2%2Fmedia&parent=125"}],"wp:term":[{"taxonomy":"product_cat","embeddable":true,"href":"https:\/\/tienda.instintocarnivoro.com\/index.php?rest_route=%2Fwp%2Fv2%2Fproduct_cat&post=125"},{"taxonomy":"product_tag","embeddable":true,"href":"https:\/\/tienda.instintocarnivoro.com\/index.php?rest_route=%2Fwp%2Fv2%2Fproduct_tag&post=125"}],"curies":[{"name":"wp","href":"https:\/\/api.w.org\/{rel}","templated":true}]}}