{"id":138,"date":"2023-11-29T08:55:32","date_gmt":"2023-11-29T08:55:32","guid":{"rendered":"http:\/\/tienda.rubenz3.sg-host.com\/?post_type=product&#038;p=138"},"modified":"2023-11-29T08:55:33","modified_gmt":"2023-11-29T08:55:33","slug":"patatas-patatas","status":"publish","type":"product","link":"https:\/\/tienda.instintocarnivoro.com\/?product=patatas-patatas","title":{"rendered":"Patatas, patatas"},"content":{"rendered":"","protected":false},"excerpt":{"rendered":"<p>Nuestras \u00fanicas patatas, con doble cocci\u00f3n, rebozadas con harina. Son las mejores y m\u00e1s crujientes patatas que has probado.<\/p>\n","protected":false},"featured_media":139,"comment_status":"open","ping_status":"closed","template":"","meta":[],"product_cat":[44],"product_tag":[49,45],"class_list":{"0":"post-138","1":"product","2":"type-product","3":"status-publish","4":"has-post-thumbnail","6":"product_cat-fries","7":"product_tag-fries","8":"product_tag-patatas","10":"first","11":"instock","12":"taxable","13":"shipping-taxable","14":"purchasable","15":"product-type-simple"},"_links":{"self":[{"href":"https:\/\/tienda.instintocarnivoro.com\/index.php?rest_route=\/wp\/v2\/product\/138","targetHints":{"allow":["GET"]}}],"collection":[{"href":"https:\/\/tienda.instintocarnivoro.com\/index.php?rest_route=\/wp\/v2\/product"}],"about":[{"href":"https:\/\/tienda.instintocarnivoro.com\/index.php?rest_route=\/wp\/v2\/types\/product"}],"replies":[{"embeddable":true,"href":"https:\/\/tienda.instintocarnivoro.com\/index.php?rest_route=%2Fwp%2Fv2%2Fcomments&post=138"}],"wp:featuredmedia":[{"embeddable":true,"href":"https:\/\/tienda.instintocarnivoro.com\/index.php?rest_route=\/wp\/v2\/media\/139"}],"wp:attachment":[{"href":"https:\/\/tienda.instintocarnivoro.com\/index.php?rest_route=%2Fwp%2Fv2%2Fmedia&parent=138"}],"wp:term":[{"taxonomy":"product_cat","embeddable":true,"href":"https:\/\/tienda.instintocarnivoro.com\/index.php?rest_route=%2Fwp%2Fv2%2Fproduct_cat&post=138"},{"taxonomy":"product_tag","embeddable":true,"href":"https:\/\/tienda.instintocarnivoro.com\/index.php?rest_route=%2Fwp%2Fv2%2Fproduct_tag&post=138"}],"curies":[{"name":"wp","href":"https:\/\/api.w.org\/{rel}","templated":true}]}}