{"id":156,"date":"2023-11-29T09:14:53","date_gmt":"2023-11-29T09:14:53","guid":{"rendered":"http:\/\/tienda.rubenz3.sg-host.com\/?post_type=product&#038;p=156"},"modified":"2023-11-29T09:14:54","modified_gmt":"2023-11-29T09:14:54","slug":"clasica","status":"publish","type":"product","link":"https:\/\/tienda.instintocarnivoro.com\/?product=clasica","title":{"rendered":"Cl\u00e1sica"},"content":{"rendered":"","protected":false},"excerpt":{"rendered":"<p>Nuestra toma en la hamburguesa cl\u00e1sica, 150g de carne, lechuga, tomate y nuestro pan brioche de panader\u00eda.<\/p>\n","protected":false},"featured_media":157,"comment_status":"open","ping_status":"closed","template":"","meta":[],"product_cat":[53],"product_tag":[55,54,24],"class_list":{"0":"post-156","1":"product","2":"type-product","3":"status-publish","4":"has-post-thumbnail","6":"product_cat-burger","7":"product_tag-clasica","8":"product_tag-lechuga","9":"product_tag-tomate","11":"first","12":"instock","13":"taxable","14":"shipping-taxable","15":"purchasable","16":"product-type-simple"},"_links":{"self":[{"href":"https:\/\/tienda.instintocarnivoro.com\/index.php?rest_route=\/wp\/v2\/product\/156","targetHints":{"allow":["GET"]}}],"collection":[{"href":"https:\/\/tienda.instintocarnivoro.com\/index.php?rest_route=\/wp\/v2\/product"}],"about":[{"href":"https:\/\/tienda.instintocarnivoro.com\/index.php?rest_route=\/wp\/v2\/types\/product"}],"replies":[{"embeddable":true,"href":"https:\/\/tienda.instintocarnivoro.com\/index.php?rest_route=%2Fwp%2Fv2%2Fcomments&post=156"}],"wp:featuredmedia":[{"embeddable":true,"href":"https:\/\/tienda.instintocarnivoro.com\/index.php?rest_route=\/wp\/v2\/media\/157"}],"wp:attachment":[{"href":"https:\/\/tienda.instintocarnivoro.com\/index.php?rest_route=%2Fwp%2Fv2%2Fmedia&parent=156"}],"wp:term":[{"taxonomy":"product_cat","embeddable":true,"href":"https:\/\/tienda.instintocarnivoro.com\/index.php?rest_route=%2Fwp%2Fv2%2Fproduct_cat&post=156"},{"taxonomy":"product_tag","embeddable":true,"href":"https:\/\/tienda.instintocarnivoro.com\/index.php?rest_route=%2Fwp%2Fv2%2Fproduct_tag&post=156"}],"curies":[{"name":"wp","href":"https:\/\/api.w.org\/{rel}","templated":true}]}}