{"id":158,"date":"2023-11-29T09:18:18","date_gmt":"2023-11-29T09:18:18","guid":{"rendered":"http:\/\/tienda.rubenz3.sg-host.com\/?post_type=product&#038;p=158"},"modified":"2023-11-29T09:18:18","modified_gmt":"2023-11-29T09:18:18","slug":"clasica-de-pollo","status":"publish","type":"product","link":"https:\/\/tienda.instintocarnivoro.com\/?product=clasica-de-pollo","title":{"rendered":"Cl\u00e1sica de pollo"},"content":{"rendered":"","protected":false},"excerpt":{"rendered":"<p>Nuestra otra cl\u00e1sica, pero esta vez de pollo de crecimiento lento. Todo cocinado en nuestra parrilla de piedra volc\u00e1nica.<\/p>\n","protected":false},"featured_media":161,"comment_status":"open","ping_status":"closed","template":"","meta":[],"product_cat":[53],"product_tag":[55,25],"class_list":{"0":"post-158","1":"product","2":"type-product","3":"status-publish","4":"has-post-thumbnail","6":"product_cat-burger","7":"product_tag-clasica","8":"product_tag-pollo","10":"first","11":"instock","12":"taxable","13":"shipping-taxable","14":"purchasable","15":"product-type-simple"},"_links":{"self":[{"href":"https:\/\/tienda.instintocarnivoro.com\/index.php?rest_route=\/wp\/v2\/product\/158","targetHints":{"allow":["GET"]}}],"collection":[{"href":"https:\/\/tienda.instintocarnivoro.com\/index.php?rest_route=\/wp\/v2\/product"}],"about":[{"href":"https:\/\/tienda.instintocarnivoro.com\/index.php?rest_route=\/wp\/v2\/types\/product"}],"replies":[{"embeddable":true,"href":"https:\/\/tienda.instintocarnivoro.com\/index.php?rest_route=%2Fwp%2Fv2%2Fcomments&post=158"}],"wp:featuredmedia":[{"embeddable":true,"href":"https:\/\/tienda.instintocarnivoro.com\/index.php?rest_route=\/wp\/v2\/media\/161"}],"wp:attachment":[{"href":"https:\/\/tienda.instintocarnivoro.com\/index.php?rest_route=%2Fwp%2Fv2%2Fmedia&parent=158"}],"wp:term":[{"taxonomy":"product_cat","embeddable":true,"href":"https:\/\/tienda.instintocarnivoro.com\/index.php?rest_route=%2Fwp%2Fv2%2Fproduct_cat&post=158"},{"taxonomy":"product_tag","embeddable":true,"href":"https:\/\/tienda.instintocarnivoro.com\/index.php?rest_route=%2Fwp%2Fv2%2Fproduct_tag&post=158"}],"curies":[{"name":"wp","href":"https:\/\/api.w.org\/{rel}","templated":true}]}}