{"id":398,"date":"2024-04-18T06:43:00","date_gmt":"2024-04-18T06:43:00","guid":{"rendered":"https:\/\/tienda.rubenz3.sg-host.com\/?post_type=product&#038;p=398"},"modified":"2024-04-18T06:43:05","modified_gmt":"2024-04-18T06:43:05","slug":"wagyu-con-wasabi","status":"publish","type":"product","link":"https:\/\/tienda.instintocarnivoro.com\/?product=wagyu-con-wasabi","title":{"rendered":"WAGYU CON WASABI"},"content":{"rendered":"<p>INGREDIENTES:\u00a0 Carne de wagyu, aceite de oliva, cebolleta, alcaparras vinagre de arroz, soja, sal, pimienta y tabasco, salsa Wasabi (r\u00e1bano blanco, NATA fresca, Wasabi, vinagre, az\u00facar, \u00e1cido c\u00edtrico, harina Quaker, aceite de girasol, colorante E-104 y E-142),<\/p>\n<p>AL\u00c9RGENOS: Leche y sus derivados incluidos lactosa.\u00a0 Soja<\/p>\n<p>PREPARACI\u00d3N: A\u00f1adir una yema de huevo, remover y listo para consumir.<\/p>\n<p>CONSERVACI\u00d3N: Mantener refrigerado entre 0\u00ba y 3\u00ba<\/p>\n","protected":false},"excerpt":{"rendered":"<p>INGREDIENTES:\u00a0 Carne de wagyu, aceite de oliva, cebolleta, alcaparras vinagre de arroz, soja, sal, pimienta y tabasco, salsa Wasabi (r\u00e1bano&#8230;<\/p>\n","protected":false},"featured_media":419,"comment_status":"closed","ping_status":"closed","template":"","meta":[],"product_cat":[97],"product_tag":[],"class_list":{"0":"post-398","1":"product","2":"type-product","3":"status-publish","4":"has-post-thumbnail","6":"product_cat-steak-tartar","8":"first","9":"instock","10":"taxable","11":"shipping-taxable","12":"purchasable","13":"product-type-simple"},"_links":{"self":[{"href":"https:\/\/tienda.instintocarnivoro.com\/index.php?rest_route=\/wp\/v2\/product\/398","targetHints":{"allow":["GET"]}}],"collection":[{"href":"https:\/\/tienda.instintocarnivoro.com\/index.php?rest_route=\/wp\/v2\/product"}],"about":[{"href":"https:\/\/tienda.instintocarnivoro.com\/index.php?rest_route=\/wp\/v2\/types\/product"}],"replies":[{"embeddable":true,"href":"https:\/\/tienda.instintocarnivoro.com\/index.php?rest_route=%2Fwp%2Fv2%2Fcomments&post=398"}],"wp:featuredmedia":[{"embeddable":true,"href":"https:\/\/tienda.instintocarnivoro.com\/index.php?rest_route=\/wp\/v2\/media\/419"}],"wp:attachment":[{"href":"https:\/\/tienda.instintocarnivoro.com\/index.php?rest_route=%2Fwp%2Fv2%2Fmedia&parent=398"}],"wp:term":[{"taxonomy":"product_cat","embeddable":true,"href":"https:\/\/tienda.instintocarnivoro.com\/index.php?rest_route=%2Fwp%2Fv2%2Fproduct_cat&post=398"},{"taxonomy":"product_tag","embeddable":true,"href":"https:\/\/tienda.instintocarnivoro.com\/index.php?rest_route=%2Fwp%2Fv2%2Fproduct_tag&post=398"}],"curies":[{"name":"wp","href":"https:\/\/api.w.org\/{rel}","templated":true}]}}