{"id":92,"date":"2023-11-27T22:39:09","date_gmt":"2023-11-27T22:39:09","guid":{"rendered":"http:\/\/tienda.rubenz3.sg-host.com\/?post_type=product&#038;p=92"},"modified":"2023-11-29T08:26:28","modified_gmt":"2023-11-29T08:26:28","slug":"pinchos-de-black-angus-criollos","status":"publish","type":"product","link":"https:\/\/tienda.instintocarnivoro.com\/?product=pinchos-de-black-angus-criollos","title":{"rendered":"Pinchos de Black Angus Criollos"},"content":{"rendered":"","protected":false},"excerpt":{"rendered":"<p>Pinchos de Black Angus como nunca los has podido probar. Pasan por un proceso de elaboraci\u00f3n embadurn\u00e1ndolos con aceite de chulet\u00f3n madurado. Cada trocito es un trocito de cielo.<\/p>\n","protected":false},"featured_media":93,"comment_status":"open","ping_status":"closed","template":"","meta":[],"product_cat":[29],"product_tag":[37,36],"class_list":{"0":"post-92","1":"product","2":"type-product","3":"status-publish","4":"has-post-thumbnail","6":"product_cat-entrantes","7":"product_tag-angus","8":"product_tag-pinchos","10":"first","11":"instock","12":"taxable","13":"shipping-taxable","14":"purchasable","15":"product-type-simple"},"_links":{"self":[{"href":"https:\/\/tienda.instintocarnivoro.com\/index.php?rest_route=\/wp\/v2\/product\/92","targetHints":{"allow":["GET"]}}],"collection":[{"href":"https:\/\/tienda.instintocarnivoro.com\/index.php?rest_route=\/wp\/v2\/product"}],"about":[{"href":"https:\/\/tienda.instintocarnivoro.com\/index.php?rest_route=\/wp\/v2\/types\/product"}],"replies":[{"embeddable":true,"href":"https:\/\/tienda.instintocarnivoro.com\/index.php?rest_route=%2Fwp%2Fv2%2Fcomments&post=92"}],"wp:featuredmedia":[{"embeddable":true,"href":"https:\/\/tienda.instintocarnivoro.com\/index.php?rest_route=\/wp\/v2\/media\/93"}],"wp:attachment":[{"href":"https:\/\/tienda.instintocarnivoro.com\/index.php?rest_route=%2Fwp%2Fv2%2Fmedia&parent=92"}],"wp:term":[{"taxonomy":"product_cat","embeddable":true,"href":"https:\/\/tienda.instintocarnivoro.com\/index.php?rest_route=%2Fwp%2Fv2%2Fproduct_cat&post=92"},{"taxonomy":"product_tag","embeddable":true,"href":"https:\/\/tienda.instintocarnivoro.com\/index.php?rest_route=%2Fwp%2Fv2%2Fproduct_tag&post=92"}],"curies":[{"name":"wp","href":"https:\/\/api.w.org\/{rel}","templated":true}]}}